{"id":6084,"date":"2021-07-16T21:19:23","date_gmt":"2021-07-16T19:19:23","guid":{"rendered":"https:\/\/go.shaitubali.com\/?page_id=6084"},"modified":"2021-09-03T11:54:43","modified_gmt":"2021-09-03T09:54:43","slug":"dabei","status":"publish","type":"page","link":"https:\/\/go.shaitubali.com\/en\/emotionale-reife-free\/dabei\/","title":{"rendered":"Workshop Emotionale Reife &#8211; Anmeldung erhalten"},"content":{"rendered":"<p>[et_pb_section fb_built=&#8221;1&#8243; _builder_version=&#8221;4.9.3&#8243; _module_preset=&#8221;default&#8221; use_background_color_gradient=&#8221;on&#8221; background_color_gradient_start=&#8221;#000000&#8243; background_color_gradient_end=&#8221;rgba(0,0,0,0.5)&#8221; background_color_gradient_end_position=&#8221;18%&#8221; background_color_gradient_overlays_image=&#8221;on&#8221; background_image=&#8221;https:\/\/go.shaitubali.com\/wp-content\/uploads\/2021\/07\/workshop-background.jpeg&#8221; custom_padding=&#8221;0px|||||&#8221; global_colors_info=&#8221;{}&#8221;][et_pb_row column_structure=&#8221;1_4,1_2,1_4&#8243; _builder_version=&#8221;4.9.7&#8243; _module_preset=&#8221;default&#8221; width=&#8221;90%&#8221; max_width=&#8221;90%&#8221; global_colors_info=&#8221;{}&#8221;][et_pb_column type=&#8221;1_4&#8243; _builder_version=&#8221;4.9.7&#8243; _module_preset=&#8221;default&#8221; global_colors_info=&#8221;{}&#8221;][\/et_pb_column][et_pb_column type=&#8221;1_2&#8243; _builder_version=&#8221;4.9.7&#8243; _module_preset=&#8221;default&#8221; global_colors_info=&#8221;{}&#8221;][\/et_pb_column][et_pb_column type=&#8221;1_4&#8243; _builder_version=&#8221;4.9.7&#8243; _module_preset=&#8221;default&#8221; global_colors_info=&#8221;{}&#8221;][\/et_pb_column][\/et_pb_row][et_pb_row _builder_version=&#8221;4.9.7&#8243; _module_preset=&#8221;default&#8221; global_colors_info=&#8221;{}&#8221;][et_pb_column type=&#8221;4_4&#8243; _builder_version=&#8221;4.9.7&#8243; _module_preset=&#8221;default&#8221; global_colors_info=&#8221;{}&#8221;][et_pb_text _builder_version=&#8221;4.9.7&#8243; _module_preset=&#8221;default&#8221; header_2_font=&#8221;|600|||||||&#8221; header_2_text_color=&#8221;#FFFFFF&#8221; global_colors_info=&#8221;{}&#8221;]<\/p>\n<h2 style=\"text-align: center;\">ANMELDUNG BEST\u00c4TIGT \ud83d\ude42<\/h2>\n<p>[\/et_pb_text][et_pb_divider color=&#8221;#ea9a5e&#8221; divider_weight=&#8221;3px&#8221; _builder_version=&#8221;4.9.7&#8243; _module_preset=&#8221;default&#8221; width=&#8221;45%&#8221; module_alignment=&#8221;center&#8221; global_colors_info=&#8221;{}&#8221;][\/et_pb_divider][\/et_pb_column][\/et_pb_row][et_pb_row column_structure=&#8221;1_2,1_2&#8243; _builder_version=&#8221;4.9.7&#8243; _module_preset=&#8221;default&#8221; global_colors_info=&#8221;{}&#8221;][et_pb_column type=&#8221;1_2&#8243; _builder_version=&#8221;4.9.7&#8243; _module_preset=&#8221;default&#8221; global_colors_info=&#8221;{}&#8221;][et_pb_image src=&#8221;https:\/\/go.shaitubali.com\/wp-content\/uploads\/2021\/07\/Emotions-Workshop-free.png&#8221; title_text=&#8221;Emotions-Workshop-free&#8221; _builder_version=&#8221;4.9.3&#8243; _module_preset=&#8221;default&#8221; global_colors_info=&#8221;{}&#8221;][\/et_pb_image][\/et_pb_column][et_pb_column type=&#8221;1_2&#8243; _builder_version=&#8221;4.9.7&#8243; _module_preset=&#8221;default&#8221; global_colors_info=&#8221;{}&#8221;][et_pb_text _builder_version=&#8221;4.9.7&#8243; _module_preset=&#8221;default&#8221; text_text_color=&#8221;#FFFFFF&#8221; header_text_color=&#8221;#FFFFFF&#8221; header_2_text_color=&#8221;#FFFFFF&#8221; global_colors_info=&#8221;{}&#8221;]<\/p>\n<h1>Die Schnellstra\u00dfe zu emotionaler Reife<\/h1>\n<p>Der <span style=\"text-decoration: underline;\"><em>100% kostenfreie<\/em><\/span> intensiv <strong>Workshop mit Tamar Brosh.<\/strong> Dieses Online-Event findet <strong>einmalig<\/strong> am <strong>05.09.2021 um 19:00 Uhr<\/strong> statt.<\/p>\n<p>[\/et_pb_text][et_pb_blurb use_icon=&#8221;on&#8221; font_icon=&#8221;%%45%%&#8221; icon_color=&#8221;#ea9a5e&#8221; icon_placement=&#8221;left&#8221; _builder_version=&#8221;4.9.3&#8243; _module_preset=&#8221;default&#8221; background_layout=&#8221;dark&#8221; global_colors_info=&#8221;{}&#8221;]<\/p>\n<p>Was wirklich hinter unseren Emotionen steht<\/p>\n<p>[\/et_pb_blurb][et_pb_blurb use_icon=&#8221;on&#8221; font_icon=&#8221;%%45%%&#8221; icon_color=&#8221;#ea9a5e&#8221; icon_placement=&#8221;left&#8221; _builder_version=&#8221;4.9.7&#8243; _module_preset=&#8221;default&#8221; background_layout=&#8221;dark&#8221; global_colors_info=&#8221;{}&#8221;]<\/p>\n<p><strong><\/strong><strong>Wie wir aus emotionalen Ungleichgewichten in ein Erleben wahrer, innerer Kraft und St\u00e4rke gelangen<br \/><\/strong><\/p>\n<p>[\/et_pb_blurb][et_pb_blurb use_icon=&#8221;on&#8221; font_icon=&#8221;%%45%%&#8221; icon_color=&#8221;#ea9a5e&#8221; icon_placement=&#8221;left&#8221; _builder_version=&#8221;4.9.3&#8243; _module_preset=&#8221;default&#8221; background_layout=&#8221;dark&#8221; global_colors_info=&#8221;{}&#8221;]Eine direkte \u00dcbung zu emotionaler Transformation[\/et_pb_blurb][et_pb_blurb use_icon=&#8221;on&#8221; font_icon=&#8221;%%45%%&#8221; icon_color=&#8221;#ea9a5e&#8221; icon_placement=&#8221;left&#8221; _builder_version=&#8221;4.9.3&#8243; _module_preset=&#8221;default&#8221; background_layout=&#8221;dark&#8221; custom_padding=&#8221;||||false|false&#8221; global_colors_info=&#8221;{}&#8221;]Das ganzheitliche Modell f\u00fcr tiefste emotionale Transformation vorgestellt[\/et_pb_blurb][\/et_pb_column][\/et_pb_row][\/et_pb_section][et_pb_section fb_built=&#8221;1&#8243; _builder_version=&#8221;4.9.7&#8243; _module_preset=&#8221;default&#8221; global_colors_info=&#8221;{}&#8221;][et_pb_row column_structure=&#8221;1_5,3_5,1_5&#8243; _builder_version=&#8221;4.9.7&#8243; _module_preset=&#8221;default&#8221; global_colors_info=&#8221;{}&#8221;][et_pb_column type=&#8221;1_5&#8243; _builder_version=&#8221;4.9.7&#8243; _module_preset=&#8221;default&#8221; global_colors_info=&#8221;{}&#8221;][\/et_pb_column][et_pb_column type=&#8221;3_5&#8243; _builder_version=&#8221;4.9.7&#8243; _module_preset=&#8221;default&#8221; global_colors_info=&#8221;{}&#8221;][et_pb_text _builder_version=&#8221;4.9.7&#8243; _module_preset=&#8221;default&#8221; global_colors_info=&#8221;{}&#8221;]<\/p>\n<h2 style=\"text-align: center;\">So bist du dabei:<\/h2>\n<p>[\/et_pb_text][et_pb_divider color=&#8221;#ea9a5e&#8221; divider_weight=&#8221;3px&#8221; _builder_version=&#8221;4.9.7&#8243; _module_preset=&#8221;default&#8221; width=&#8221;45%&#8221; module_alignment=&#8221;center&#8221; global_colors_info=&#8221;{}&#8221;][\/et_pb_divider][et_pb_text _builder_version=&#8221;4.9.7&#8243; _module_preset=&#8221;default&#8221; global_colors_info=&#8221;{}&#8221;]<\/p>\n<p>Wir starten am 5.9.2021 um 19 Uhr. Der Live-Workshop wird etwa 2 Stunden gehen.<\/p>\n<p>Link zum Zoom-Raum: <a target=\"_blank\" style=\"word-wrap: break-word;\" href=\"https:\/\/us02web.zoom.us\/j\/83667668730\" rel=\"noopener\">https:\/\/us02web.zoom.us\/j\/83667668730<\/a><\/p>\n<p>Meeting-ID: 836 6766 8730<\/p>\n<p>&nbsp;<\/p>\n<p><em>Die Zugangsdaten werden dir zus\u00e4tzlich auch nochmal per Email zugeschickt.<\/em><\/p>\n<p>&nbsp;<\/p>\n<p>[\/et_pb_text][\/et_pb_column][et_pb_column type=&#8221;1_5&#8243; _builder_version=&#8221;4.9.7&#8243; _module_preset=&#8221;default&#8221; global_colors_info=&#8221;{}&#8221;][\/et_pb_column][\/et_pb_row][et_pb_row _builder_version=&#8221;4.9.3&#8243; _module_preset=&#8221;default&#8221; background_color=&#8221;#fff3c4&#8243; custom_padding=&#8221;|5%||5%|false|true&#8221; global_colors_info=&#8221;{}&#8221;][et_pb_column type=&#8221;4_4&#8243; _builder_version=&#8221;4.9.3&#8243; _module_preset=&#8221;default&#8221; global_colors_info=&#8221;{}&#8221;][et_pb_text _builder_version=&#8221;4.9.3&#8243; _module_preset=&#8221;default&#8221; global_colors_info=&#8221;{}&#8221;]<\/p>\n<p style=\"text-align: left;\"><em>An diesem Abend wird auch die Schule f\u00fcr Emotionale Transformation und das Ausbildungsprogramm zum Transformationscoach in der TIP-Methode (TIP = True Inner Power) vorgestellt. Wenn du mehr erfahren m\u00f6chtest zu der am 11.\/12. Sept. startenden Schule, komm zu diesem Gratis-Abend und stelle deine Fragen.<\/em><\/p>\n<p>[\/et_pb_text][\/et_pb_column][\/et_pb_row][\/et_pb_section][et_pb_section fb_built=&#8221;1&#8243; _builder_version=&#8221;4.9.7&#8243; _module_preset=&#8221;default&#8221; global_colors_info=&#8221;{}&#8221;][et_pb_row _builder_version=&#8221;4.9.7&#8243; _module_preset=&#8221;default&#8221; global_colors_info=&#8221;{}&#8221;][et_pb_column type=&#8221;4_4&#8243; _builder_version=&#8221;4.9.7&#8243; _module_preset=&#8221;default&#8221; global_colors_info=&#8221;{}&#8221;][et_pb_text _builder_version=&#8221;4.9.7&#8243; _module_preset=&#8221;default&#8221; global_colors_info=&#8221;{}&#8221;]<\/p>\n<p style=\"text-align: center;\">This site is not a part of the Facebook website or Facebook Inc. Additionally, This site is NOT endorsed by Facebook in any way. FACEBOOK is a trademark of FACEBOOK, Inc.<\/p>\n<p>[\/et_pb_text][\/et_pb_column][\/et_pb_row][\/et_pb_section][et_pb_section fb_built=&#8221;1&#8243; _builder_version=&#8221;4.9.4&#8243; background_enable_color=&#8221;off&#8221; background_image=&#8221;https:\/\/go.shaitubali.com\/wp-content\/uploads\/2021\/07\/rt_background-footer.jpg&#8221; background_position=&#8221;bottom_center&#8221; custom_padding=&#8221;0px||72px|||&#8221; global_colors_info=&#8221;{}&#8221;][et_pb_row _builder_version=&#8221;4.9.3&#8243; _module_preset=&#8221;default&#8221; background_image=&#8221;https:\/\/go.shaitubali.com\/wp-content\/uploads\/2021\/07\/brush-style-top.png&#8221; width=&#8221;100%&#8221; max_width=&#8221;100%&#8221; custom_margin=&#8221;0px||||false|false&#8221; custom_padding=&#8221;0px||||false|false&#8221; global_colors_info=&#8221;{}&#8221;][et_pb_column type=&#8221;4_4&#8243; _builder_version=&#8221;4.9.3&#8243; _module_preset=&#8221;default&#8221; global_colors_info=&#8221;{}&#8221;][et_pb_divider show_divider=&#8221;off&#8221; _builder_version=&#8221;4.9.3&#8243; _module_preset=&#8221;default&#8221; global_colors_info=&#8221;{}&#8221;][\/et_pb_divider][\/et_pb_column][\/et_pb_row][et_pb_row column_structure=&#8221;1_2,1_2&#8243; _builder_version=&#8221;3.25&#8243; custom_padding=&#8221;112px|||||&#8221; global_colors_info=&#8221;{}&#8221;][et_pb_column type=&#8221;1_2&#8243; _builder_version=&#8221;3.25&#8243; custom_padding=&#8221;|||&#8221; global_colors_info=&#8221;{}&#8221; custom_padding__hover=&#8221;|||&#8221;][et_pb_text _builder_version=&#8221;4.9.4&#8243; custom_margin=&#8221;40px||||false|false&#8221; custom_padding=&#8221;40px||||false|false&#8221; global_colors_info=&#8221;{}&#8221;]<\/p>\n<div class=\"tve-page-section-in tve_empty_dropzone\" data-css=\"tve-u-1646723a6b9\">\n<div class=\"thrv_wrapper thrv-columns\">\n<div class=\"tcb-flex-row tcb--cols--1\">\n<div class=\"tcb-flex-col\">\n<div class=\"tcb-col\">\n<div class=\"thrv_wrapper thrv_text_element\">\n<p style=\"text-align: center;\"><strong><a href=\"https:\/\/activespirits.net\/impressum\/\" target=\"_blank\" rel=\"noopener noreferrer\">Impressum<\/a> |\u00a0<a href=\"https:\/\/activespirits.net\/privacy-policy\/\" target=\"_blank\" rel=\"noopener noreferrer\">Privacy Policy<\/a><\/strong><\/p>\n<\/div>\n<\/div>\n<\/div>\n<\/div>\n<\/div>\n<\/div>\n<p>[\/et_pb_text][\/et_pb_column][et_pb_column type=&#8221;1_2&#8243; _builder_version=&#8221;3.25&#8243; custom_padding=&#8221;|||&#8221; global_colors_info=&#8221;{}&#8221; custom_padding__hover=&#8221;|||&#8221;][et_pb_image src=&#8221;https:\/\/go.shaitubali.com\/wp-content\/uploads\/2021\/07\/ShaiTubali-RT-logo-footer-3.png&#8221; title_text=&#8221;logo-footer-3&#8243; align=&#8221;right&#8221; _builder_version=&#8221;4.9.4&#8243; _module_preset=&#8221;default&#8221; width=&#8221;65%&#8221; global_colors_info=&#8221;{}&#8221;][\/et_pb_image][\/et_pb_column][\/et_pb_row][\/et_pb_section]<\/p>\n","protected":false},"excerpt":{"rendered":"<p>ANMELDUNG BEST\u00c4TIGT :-)Die Schnellstra\u00dfe zu emotionaler Reife Der 100% kostenfreie intensiv Workshop mit Tamar Brosh. Dieses Online-Event findet einmalig am 05.09.2021 um 19:00 Uhr statt.Was wirklich hinter unseren Emotionen stehtWie wir aus emotionalen Ungleichgewichten in ein Erleben wahrer, innerer Kraft und St\u00e4rke gelangenEine direkte \u00dcbung zu emotionaler TransformationDas ganzheitliche Modell f\u00fcr tiefste emotionale Transformation vorgestelltSo [&hellip;]<\/p>\n","protected":false},"author":1,"featured_media":0,"parent":6046,"menu_order":0,"comment_status":"closed","ping_status":"closed","template":"page-template-blank.php","meta":{"_et_pb_use_builder":"on","_et_pb_old_content":"","_et_gb_content_width":"","footnotes":""},"class_list":["post-6084","page","type-page","status-publish","hentry"],"_links":{"self":[{"href":"https:\/\/go.shaitubali.com\/en\/wp-json\/wp\/v2\/pages\/6084","targetHints":{"allow":["GET"]}}],"collection":[{"href":"https:\/\/go.shaitubali.com\/en\/wp-json\/wp\/v2\/pages"}],"about":[{"href":"https:\/\/go.shaitubali.com\/en\/wp-json\/wp\/v2\/types\/page"}],"author":[{"embeddable":true,"href":"https:\/\/go.shaitubali.com\/en\/wp-json\/wp\/v2\/users\/1"}],"replies":[{"embeddable":true,"href":"https:\/\/go.shaitubali.com\/en\/wp-json\/wp\/v2\/comments?post=6084"}],"version-history":[{"count":0,"href":"https:\/\/go.shaitubali.com\/en\/wp-json\/wp\/v2\/pages\/6084\/revisions"}],"up":[{"embeddable":true,"href":"https:\/\/go.shaitubali.com\/en\/wp-json\/wp\/v2\/pages\/6046"}],"wp:attachment":[{"href":"https:\/\/go.shaitubali.com\/en\/wp-json\/wp\/v2\/media?parent=6084"}],"curies":[{"name":"wp","href":"https:\/\/api.w.org\/{rel}","templated":true}]}}