{"id":6196,"date":"2021-09-05T18:22:36","date_gmt":"2021-09-05T16:22:36","guid":{"rendered":"https:\/\/go.shaitubali.com\/?page_id=6196"},"modified":"2021-09-05T18:29:08","modified_gmt":"2021-09-05T16:29:08","slug":"erstgespraech","status":"publish","type":"page","link":"https:\/\/go.shaitubali.com\/en\/erstgespraech\/","title":{"rendered":"Kostenfreies Erstgespr\u00e4ch"},"content":{"rendered":"\n[et_pb_section fb_built=&#8221;1&#8243; _builder_version=&#8221;4.10.5&#8243; background_enable_color=&#8221;off&#8221; background_image=&#8221;https:\/\/go.shaitubali.com\/wp-content\/uploads\/2021\/07\/rt_bg-blue.jpg&#8221; custom_padding=&#8221;12px||5px|||&#8221; global_colors_info=&#8221;{}&#8221;][et_pb_row column_structure=&#8221;1_3,1_3,1_3&#8243; _builder_version=&#8221;3.25.3&#8243; custom_padding=&#8221;10px||2px|||&#8221; global_colors_info=&#8221;{}&#8221;][et_pb_column type=&#8221;1_3&#8243; _builder_version=&#8221;3.25.3&#8243; global_colors_info=&#8221;{}&#8221;][\/et_pb_column][et_pb_column type=&#8221;1_3&#8243; _builder_version=&#8221;3.25.3&#8243; global_colors_info=&#8221;{}&#8221;][et_pb_image src=&#8221;https:\/\/go.shaitubali.com\/wp-content\/uploads\/2021\/07\/schule-logo-de.png&#8221; title_text=&#8221;schule-logo-de&#8221; align=&#8221;center&#8221; _builder_version=&#8221;4.10.5&#8243; width=&#8221;61%&#8221; global_colors_info=&#8221;{}&#8221;][\/et_pb_image][et_pb_divider _builder_version=&#8221;4.9.3&#8243; _module_preset=&#8221;default&#8221; custom_margin=&#8221;0px||0px||false|false&#8221; custom_padding=&#8221;||0px||false|false&#8221; global_colors_info=&#8221;{}&#8221;][\/et_pb_divider][\/et_pb_column][et_pb_column type=&#8221;1_3&#8243; _builder_version=&#8221;3.25.3&#8243; global_colors_info=&#8221;{}&#8221;][\/et_pb_column][\/et_pb_row][\/et_pb_section][et_pb_section fb_built=&#8221;1&#8243; _builder_version=&#8221;4.9.3&#8243; background_color=&#8221;#eef5f6&#8243; global_colors_info=&#8221;{}&#8221; custom_padding=&#8221;||0px|||&#8221;][et_pb_row _builder_version=&#8221;4.9.3&#8243; _module_preset=&#8221;default&#8221; global_colors_info=&#8221;{}&#8221;][et_pb_column type=&#8221;4_4&#8243; _builder_version=&#8221;4.9.3&#8243; _module_preset=&#8221;default&#8221; global_colors_info=&#8221;{}&#8221;][et_pb_text _builder_version=&#8221;4.9.3&#8243; _module_preset=&#8221;default&#8221; global_colors_info=&#8221;{}&#8221;]<h1 style=\"text-align: center;\"><strong>Dein pers\u00f6nliches Beratungsgespr\u00e4ch<\/strong><\/h1>\n<p>&nbsp;<\/p>[\/et_pb_text][\/et_pb_column][\/et_pb_row][\/et_pb_section][et_pb_section fb_built=&#8221;1&#8243; _builder_version=&#8221;4.9.4&#8243; _module_preset=&#8221;default&#8221; background_color=&#8221;#f2f2f2&#8243; global_colors_info=&#8221;{}&#8221;][et_pb_row column_structure=&#8221;1_5,3_5,1_5&#8243; _builder_version=&#8221;4.9.4&#8243; _module_preset=&#8221;default&#8221; background_color=&#8221;#FFFFFF&#8221; global_colors_info=&#8221;{}&#8221;][et_pb_column type=&#8221;1_5&#8243; _builder_version=&#8221;4.9.4&#8243; _module_preset=&#8221;default&#8221; global_colors_info=&#8221;{}&#8221;][\/et_pb_column][et_pb_column type=&#8221;3_5&#8243; _builder_version=&#8221;4.9.4&#8243; _module_preset=&#8221;default&#8221; global_colors_info=&#8221;{}&#8221;][et_pb_text _builder_version=&#8221;4.10.5&#8243; _module_preset=&#8221;default&#8221; text_font_size=&#8221;20px&#8221; hover_enabled=&#8221;0&#8243; sticky_enabled=&#8221;0&#8243;]<div class=\"wpb_text_column wpb_content_element \">\n<div class=\"wpb_wrapper\">\n<p>Sch\u00f6n, dass du hier bist,<\/p>\n<p>wenn du<span>\u00a0<\/span><strong>diese Seite<\/strong><span>\u00a0<\/span>gefunden hast, dann haben wir uns entweder pers\u00f6nlich unterhalten ODER wurden dir privat von jemandem aus deinem Bekanntenkreis empfohlen.<\/p>\n<p>Wie auch immer \u2013 du bist hier, weil du wei\u00dft,<span>\u00a0<\/span><strong>was wir tun<\/strong><span>\u00a0<\/span>und dir<span>\u00a0<\/span><strong>erm\u00f6glichen<\/strong><span>\u00a0<\/span>k\u00f6nnen.<\/p>\n<p>Und da wir direkten oder indirekten Kontakt hatten und das hier unsere Seite f\u00fcr \u201c<strong>Familie &amp; Freunde<\/strong>\u201d ist, geben wir dir gern den Vorzug vor allen \u201c<strong>externen Bewerbern<\/strong>\u201c, falls du dieses kostenlose Angebot hier annimmst:<\/p>\n<p>M\u00f6chtest du, dass wir dir zeigen, wie du mit einer einfachen Technik jede negative Emotion transformieren kannst, ohne sie jemals wieder zu unterdr\u00fccken oder von ihr \u00fcberw\u00e4ltigt zu werden\u2026<\/p>\n<p><strong><em>\u2026 und das vollkommen kostenlos?<\/em><\/strong><\/p>\n<p>Wir m\u00fcssen eins verstehen: Emotionen stehen<span>\u00a0<\/span><strong><em>im Zentrum unseres allt\u00e4glichen Erlebens<\/em><\/strong>. Sie bestimmen wie wir uns<span>\u00a0<\/span><strong>f\u00fchlen<\/strong>, uns<span>\u00a0<\/span><strong>selbst sehen<\/strong><span>\u00a0<\/span>und wie wir<span>\u00a0<\/span><strong>handeln<\/strong>.<\/p>\n<p>Das macht sie zum vielleicht<span>\u00a0<\/span><em><strong>kraftvollsten Hebel<\/strong><span>\u00a0<\/span><\/em>f\u00fcr unsere Transformation und Entfaltung.<br \/>Wann immer wir von Sorgen oder Wut \u00fcberflutet werden, von etwas getriggert werden \u2013 in einer Beziehung, im Job, ist das ein Hinweis daf\u00fcr, dass da noch etwas wartet, das angeschaut werden m\u00f6chte.<\/p>\n<p>Du stehst im Zentrum von allem, was du tust und sagst. Wenn nicht gen\u00fcgend Harmonie und Stabilit\u00e4t da ist, kann jeder einzelne Lebensbereich darunter leiden. Auf der anderen Seite hei\u00dft das, dass nichts so befreiend und transformierend ist, wie das Reifen und Transformieren unserer Emotionen.<\/p>\n<p>Wir halten uns in den n\u00e4chsten<span>\u00a0<\/span><strong><em>48 Stunden<\/em><span>\u00a0<\/span><\/strong>ein wenig Zeit frei, um mit dir pers\u00f6nlich dar\u00fcber zu sprechen, wie du vollkommene emotionale Ausgeglichenheit erreichen kannst\u2026<\/p>\n<p>W\u00e4hrend dieser<span>\u00a0<\/span><em><strong>Beratungssession<\/strong><span>\u00a0<\/span><\/em>werden wir gemeinsam daran arbeiten, einen Schritt-f\u00fcr-Schritt-Plan zu entwickeln, mit dem du es schaffen kannst, die Transformation von Emotionen ohne \u00dcberforderung zu verwirklichen.<\/p>\n<p><strong>Achtung: Das hier ist nichts f\u00fcr jeden!<\/strong><\/p>\n<ul>\n<li>Du musst an tiefen Prozessen innerer Transformation interessiert sein oder daran zu lernen andere in Prozessen Emotionaler Transformation zu begleiten\u2026.<\/li>\n<li>Du w\u00fcnschst dir das richtige Verst\u00e4ndnis und effektive und kraftvolle Techniken, die ganzheitlich und zuverl\u00e4ssig jede Emotion transformieren k\u00f6nnen \u2026.<\/li>\n<li>Du musst offen daf\u00fcr sein, neue F\u00e4higkeiten zu erlernen und Ans\u00e4tze auszuprobieren \u2026<\/li>\n<li>Du musst komfortabel mit dem Gedanken sein, in dich und deine pers\u00f6nliche Transformation zu investieren!<\/li>\n<li>Dir ist bewusst, dass eine tiefgreifende Transformation ein Prozess ist, der Zeit braucht und dein aktives Mitwirken fordert<\/li>\n<\/ul>\n<p>Wenn du dich darin erkennst, dann<span>\u00a0<\/span><u>klicke jetzt auf den Button<\/u>!<\/p>\n<\/div>\n<\/div>[\/et_pb_text][et_pb_button button_text=&#8221; Deine kostenlose Beratungs-Session&#8221; _builder_version=&#8221;4.10.5&#8243; _module_preset=&#8221;default&#8221; button_url=&#8221;https:\/\/go.shaitubali.com\/erstgespraech-fragen\/&#8221; hover_enabled=&#8221;0&#8243; sticky_enabled=&#8221;0&#8243; button_alignment=&#8221;center&#8221; custom_button=&#8221;on&#8221; button_bg_color=&#8221;#5e8e32&#8243; button_bg_enable_color=&#8221;on&#8221; button_border_color=&#8221;RGBA(0,0,0,0)&#8221; button_text_color=&#8221;#FFFFFF&#8221;][\/et_pb_button][et_pb_text _builder_version=&#8221;4.10.5&#8243; _module_preset=&#8221;default&#8221; hover_enabled=&#8221;0&#8243; sticky_enabled=&#8221;0&#8243;]<div class=\"wpb_text_column wpb_content_element \">\n<div class=\"wpb_wrapper\">\n<p>Wir freuen uns darauf, dich schon bald<span>\u00a0<\/span><u>pers\u00f6nlich<\/u><span>\u00a0<\/span>beraten zu d\u00fcrfen!<\/p>\n<\/div>\n<\/div>[\/et_pb_text][\/et_pb_column][et_pb_column type=&#8221;1_5&#8243; _builder_version=&#8221;4.9.4&#8243; _module_preset=&#8221;default&#8221; global_colors_info=&#8221;{}&#8221;][\/et_pb_column][\/et_pb_row][\/et_pb_section][et_pb_section fb_built=&#8221;1&#8243; _builder_version=&#8221;4.9.3&#8243; _module_preset=&#8221;default&#8221; custom_padding=&#8221;108px|||||&#8221; global_colors_info=&#8221;{}&#8221;][et_pb_row _builder_version=&#8221;4.9.3&#8243; _module_preset=&#8221;default&#8221; global_colors_info=&#8221;{}&#8221;][et_pb_column type=&#8221;4_4&#8243; _builder_version=&#8221;4.9.3&#8243; _module_preset=&#8221;default&#8221; global_colors_info=&#8221;{}&#8221;][et_pb_text _builder_version=&#8221;4.10.5&#8243; _module_preset=&#8221;default&#8221; global_colors_info=&#8221;{}&#8221;]<p style=\"text-align: center;\"><a href=\"https:\/\/shaitubali.com\/imprint\/\" target=\"_blank\" rel=\"noopener\">Impressum<\/a> &#8211; <a href=\"https:\/\/shaitubali.com\/privacy-policy\/\" target=\"_blank\" rel=\"noopener\">Datenschutz<\/a><\/p>\n<p style=\"text-align: center;\">This site is not a part of the Facebook website or Facebook Inc. Additionally, This site is NOT endorsed by Facebook in any way. FACEBOOK is a trademark of FACEBOOK, Inc.<\/p>[\/et_pb_text][\/et_pb_column][\/et_pb_row][\/et_pb_section]\n","protected":false},"excerpt":{"rendered":"<p>Dein pers\u00f6nliches Beratungsgespr\u00e4ch &nbsp; Sch\u00f6n, dass du hier bist, wenn du\u00a0diese Seite\u00a0gefunden hast, dann haben wir uns entweder pers\u00f6nlich unterhalten ODER wurden dir privat von jemandem aus deinem Bekanntenkreis empfohlen. Wie auch immer \u2013 du bist hier, weil du wei\u00dft,\u00a0was wir tun\u00a0und dir\u00a0erm\u00f6glichen\u00a0k\u00f6nnen. Und da wir direkten oder indirekten Kontakt hatten und das hier unsere [&hellip;]<\/p>\n","protected":false},"author":1,"featured_media":0,"parent":0,"menu_order":0,"comment_status":"closed","ping_status":"closed","template":"page-template-blank.php","meta":{"_et_pb_use_builder":"on","_et_pb_old_content":"","_et_gb_content_width":"","footnotes":""},"class_list":["post-6196","page","type-page","status-publish","hentry"],"_links":{"self":[{"href":"https:\/\/go.shaitubali.com\/en\/wp-json\/wp\/v2\/pages\/6196","targetHints":{"allow":["GET"]}}],"collection":[{"href":"https:\/\/go.shaitubali.com\/en\/wp-json\/wp\/v2\/pages"}],"about":[{"href":"https:\/\/go.shaitubali.com\/en\/wp-json\/wp\/v2\/types\/page"}],"author":[{"embeddable":true,"href":"https:\/\/go.shaitubali.com\/en\/wp-json\/wp\/v2\/users\/1"}],"replies":[{"embeddable":true,"href":"https:\/\/go.shaitubali.com\/en\/wp-json\/wp\/v2\/comments?post=6196"}],"version-history":[{"count":0,"href":"https:\/\/go.shaitubali.com\/en\/wp-json\/wp\/v2\/pages\/6196\/revisions"}],"wp:attachment":[{"href":"https:\/\/go.shaitubali.com\/en\/wp-json\/wp\/v2\/media?parent=6196"}],"curies":[{"name":"wp","href":"https:\/\/api.w.org\/{rel}","templated":true}]}}