{"id":8234,"date":"2022-06-21T21:29:11","date_gmt":"2022-06-21T19:29:11","guid":{"rendered":"https:\/\/go.shaitubali.com\/7types-happiness\/buchung-danke\/"},"modified":"2022-07-04T08:55:31","modified_gmt":"2022-07-04T06:55:31","slug":"booking-thanks","status":"publish","type":"page","link":"https:\/\/go.shaitubali.com\/en\/7types-happiness\/booking-thanks\/","title":{"rendered":"7 Types of Happiness &#8211; Booking confirmed, Thank You!"},"content":{"rendered":"<p>[et_pb_section fb_built=&#8221;1&#8243; next_background_color=&#8221;#ffffff&#8221; _builder_version=&#8221;4.17.4&#8243; _module_preset=&#8221;default&#8221; use_background_color_gradient=&#8221;on&#8221; background_color_gradient_direction=&#8221;285deg&#8221; background_color_gradient_stops=&#8221;#0d0f1c 0%|rgba(255,255,255,0) 57%&#8221; background_color_gradient_overlays_image=&#8221;on&#8221; background_color_gradient_start=&#8221;#0d0f1c&#8221; background_color_gradient_end=&#8221;rgba(255,255,255,0)&#8221; background_image=&#8221;https:\/\/go.shaitubali.com\/wp-content\/uploads\/2022\/06\/7-Day-chakras-head.jpg&#8221; custom_padding=&#8221;12px||1px|||&#8221; bottom_divider_style=&#8221;ramp2&#8243; bottom_divider_flip=&#8221;horizontal&#8221; locked=&#8221;off&#8221; global_colors_info=&#8221;{}&#8221;][et_pb_row column_structure=&#8221;1_2,1_2&#8243; _builder_version=&#8221;4.16&#8243; _module_preset=&#8221;default&#8221; custom_padding=&#8221;5px||||false|false&#8221; global_colors_info=&#8221;{}&#8221;][et_pb_column type=&#8221;1_2&#8243; _builder_version=&#8221;4.16&#8243; _module_preset=&#8221;default&#8221; global_colors_info=&#8221;{}&#8221;][\/et_pb_column][et_pb_column type=&#8221;1_2&#8243; _builder_version=&#8221;4.16&#8243; _module_preset=&#8221;default&#8221; global_colors_info=&#8221;{}&#8221;][et_pb_text _builder_version=&#8221;4.16&#8243; _module_preset=&#8221;default&#8221; header_2_font=&#8221;Source Serif Pro|600|||||||&#8221; header_2_text_color=&#8221;#f8edaa&#8221; header_2_font_size=&#8221;40px&#8221; header_3_font=&#8221;Source Sans Pro|300|||||||&#8221; header_3_text_color=&#8221;#fefeef&#8221; header_3_font_size=&#8221;29px&#8221; custom_margin=&#8221;96px||168px|||&#8221; global_colors_info=&#8221;{}&#8221;]<\/p>\n<h2 style=\"text-align: center;\">Thank You!<\/h2>\n<h3 style=\"text-align: center;\">We have received your booking.<\/h3>\n<p>[\/et_pb_text][\/et_pb_column][\/et_pb_row][\/et_pb_section][et_pb_section fb_built=&#8221;1&#8243; _builder_version=&#8221;4.16&#8243; _module_preset=&#8221;default&#8221; global_colors_info=&#8221;{}&#8221;][et_pb_row column_structure=&#8221;1_2,1_2&#8243; module_id=&#8221;more&#8221; _builder_version=&#8221;4.16&#8243; _module_preset=&#8221;default&#8221; global_colors_info=&#8221;{}&#8221;][et_pb_column type=&#8221;1_2&#8243; _builder_version=&#8221;4.16&#8243; _module_preset=&#8221;default&#8221; global_colors_info=&#8221;{}&#8221;][et_pb_text _builder_version=&#8221;4.16&#8243; _module_preset=&#8221;default&#8221; global_colors_info=&#8221;{}&#8221;]<\/p>\n<h2>1. Transfer the seminar fee<\/h2>\n<p>&nbsp;<\/p>\n<p>Please transfer the seminar fee to complete your registration.<\/p>\n<p>Please enter &#8220;The 7 types of happiness + your first and last name&#8221; in the subject line.<\/p>\n<p>&nbsp;<\/p>\n<p><strong>Bank details:<\/strong><\/p>\n<p><strong>IBAN<\/strong>: CH47 0483 5382 8443 5200 0<br \/><em>(if you pay in Euro)<\/em><\/p>\n<p><strong>IBAN<\/strong>: CH54 0483 5382 8443 5100 1<br \/><em>(if you pay in CHF)<\/em><\/p>\n<p><strong>BIC<\/strong>: CRESCHZZ80A<\/p>\n<p><strong>Bank<\/strong>: Credit Suisse,Stans<\/p>\n<p>Note:<br \/>Shay Tubaly<\/p>\n<p><strong>Address:<\/strong><br \/>Yoga Zentrum Stans <br \/>Engelbergstrasse 28<br \/>6370 Stans<\/p>\n<p>[\/et_pb_text][\/et_pb_column][et_pb_column type=&#8221;1_2&#8243; _builder_version=&#8221;4.16&#8243; _module_preset=&#8221;default&#8221; global_colors_info=&#8221;{}&#8221;][et_pb_text _builder_version=&#8221;4.17.4&#8243; _module_preset=&#8221;default&#8221; global_colors_info=&#8221;{}&#8221;]<\/p>\n<h2>Organisational Information<\/h2>\n<p><strong>Price:<\/strong><\/p>\n<ul>\n<li><span>Normal price: 280 CHF | 270 \u20ac<br \/><\/span><\/li>\n<li><span>Early Bird Preis, until August 30: 240 CHF | 230 \u20ac<\/span><\/li>\n<\/ul>\n<p><strong>Date:<\/strong><\/p>\n<p><span>29. \u2013 30.10.22<\/span><\/p>\n<p><strong>Time:<\/strong> 10:30-18:30 CET<\/p>\n<p>&nbsp;<\/p>\n<p><strong>Contact if you have any questions:<\/strong><\/p>\n<p>Esther Theruvel<br \/>etheruvel@bluewin.ch<br \/>+41 79 310 24 23\u00a0<\/p>\n<p>Carlos Stickel<br \/>c.stickel@human-greatness.com<br \/>+49 178 5175 114<\/p>\n<p>[\/et_pb_text][\/et_pb_column][\/et_pb_row][\/et_pb_section][et_pb_section fb_built=&#8221;1&#8243; prev_background_color=&#8221;#ffffff&#8221; next_background_color=&#8221;#ffffff&#8221; _builder_version=&#8221;4.16&#8243; _module_preset=&#8221;default&#8221; background_enable_color=&#8221;off&#8221; use_background_color_gradient=&#8221;on&#8221; background_color_gradient_stops=&#8221;rgba(32,34,74,0.41) 0%|rgba(33,52,128,0.91) 100%&#8221; background_color_gradient_overlays_image=&#8221;on&#8221; background_color_gradient_start=&#8221;rgba(32,34,74,0.41)&#8221; background_color_gradient_end=&#8221;rgba(33,52,128,0.91)&#8221; background_image=&#8221;https:\/\/go.shaitubali.com\/wp-content\/uploads\/2022\/04\/types-bottom.jpg&#8221; top_divider_style=&#8221;curve2&#8243; top_divider_flip=&#8221;vertical&#8221; bottom_divider_style=&#8221;curve2&#8243; global_colors_info=&#8221;{}&#8221;][et_pb_row column_structure=&#8221;1_5,3_5,1_5&#8243; _builder_version=&#8221;4.16&#8243; _module_preset=&#8221;default&#8221; custom_padding=&#8221;45px||71px|||&#8221; global_colors_info=&#8221;{}&#8221;][et_pb_column type=&#8221;1_5&#8243; _builder_version=&#8221;4.16&#8243; _module_preset=&#8221;default&#8221; global_colors_info=&#8221;{}&#8221;][\/et_pb_column][et_pb_column type=&#8221;3_5&#8243; _builder_version=&#8221;4.16&#8243; _module_preset=&#8221;default&#8221; global_colors_info=&#8221;{}&#8221;][et_pb_text _builder_version=&#8221;4.17.0&#8243; _module_preset=&#8221;default&#8221; header_3_font=&#8221;Source Serif Pro||||||||&#8221; header_3_text_color=&#8221;#F8EDAA&#8221; header_3_font_size=&#8221;28px&#8221; header_4_font=&#8221;Source Sans Pro|200|||||||&#8221; header_4_text_color=&#8221;#fab546&#8243; header_4_font_size=&#8221;22px&#8221; custom_margin=&#8221;22px|||||&#8221; global_colors_info=&#8221;{}&#8221;]<\/p>\n<h3 style=\"text-align: center;\">\u201eIhr alle seid Strahlen der gro\u00dfen Sonne; wundersch\u00f6ne Verk\u00f6rperungen eurer eigenen Chakra-Typen\u201c<\/h3>\n<h4 style=\"text-align: center;\">\u2013 Shai Tubali<\/h4>\n<p>[\/et_pb_text][\/et_pb_column][et_pb_column type=&#8221;1_5&#8243; _builder_version=&#8221;4.16&#8243; _module_preset=&#8221;default&#8221; global_colors_info=&#8221;{}&#8221;][\/et_pb_column][\/et_pb_row][\/et_pb_section][et_pb_section fb_built=&#8221;1&#8243; _builder_version=&#8221;4.16&#8243; _module_preset=&#8221;default&#8221; global_colors_info=&#8221;{}&#8221;][et_pb_row column_structure=&#8221;1_4,1_2,1_4&#8243; _builder_version=&#8221;4.16&#8243; _module_preset=&#8221;default&#8221; global_colors_info=&#8221;{}&#8221;][et_pb_column type=&#8221;1_4&#8243; _builder_version=&#8221;4.16&#8243; _module_preset=&#8221;default&#8221; global_colors_info=&#8221;{}&#8221;][\/et_pb_column][et_pb_column type=&#8221;1_2&#8243; _builder_version=&#8221;4.16&#8243; _module_preset=&#8221;default&#8221; global_colors_info=&#8221;{}&#8221;][\/et_pb_column][et_pb_column type=&#8221;1_4&#8243; _builder_version=&#8221;4.16&#8243; _module_preset=&#8221;default&#8221; global_colors_info=&#8221;{}&#8221;][\/et_pb_column][\/et_pb_row][\/et_pb_section][et_pb_section fb_built=&#8221;1&#8243; prev_background_color=&#8221;#ffffff&#8221; _builder_version=&#8221;4.16&#8243; _module_preset=&#8221;default&#8221; background_image=&#8221;https:\/\/go.shaitubali.com\/wp-content\/uploads\/2022\/04\/Background-empty-80.jpg&#8221; top_divider_style=&#8221;curve2&#8243; top_divider_flip=&#8221;vertical&#8221; global_colors_info=&#8221;{}&#8221;][et_pb_row _builder_version=&#8221;4.16&#8243; _module_preset=&#8221;default&#8221; custom_margin=&#8221;46px|auto||auto||&#8221; global_colors_info=&#8221;{}&#8221;][et_pb_column type=&#8221;4_4&#8243; _builder_version=&#8221;4.16&#8243; _module_preset=&#8221;default&#8221; global_colors_info=&#8221;{}&#8221;][et_pb_text _builder_version=&#8221;4.16&#8243; _module_preset=&#8221;default&#8221; text_text_color=&#8221;#FFFFFF&#8221; global_colors_info=&#8221;{}&#8221;]<\/p>\n<p style=\"text-align: center;\">This site is not a part of the Meta website or Meta Platforms Inc. Additionally, this site is NOT endorsed by Meta in any way. META is a trademark of META PLATFORMS, Inc.<\/p>\n<p>[\/et_pb_text][et_pb_text _builder_version=&#8221;4.16&#8243; _module_preset=&#8221;default&#8221; text_text_color=&#8221;#FFFFFF&#8221; custom_margin=&#8221;48px||18px|||&#8221; global_colors_info=&#8221;{}&#8221;]<\/p>\n<p style=\"text-align: center;\"><span style=\"color: #ffffff;\"><strong><a href=\"https:\/\/activespirits.net\/impressum\/\" target=\"_blank\" rel=\"noopener noreferrer\" style=\"color: #ffffff;\">Impressum<\/a>\u00a0|\u00a0<a href=\"https:\/\/activespirits.net\/privacy-policy\/\" target=\"_blank\" rel=\"noopener noreferrer\" style=\"color: #ffffff;\">Privacy Policy<\/a><\/strong><\/span><\/p>\n<p>[\/et_pb_text][\/et_pb_column][\/et_pb_row][\/et_pb_section]<\/p>\n","protected":false},"excerpt":{"rendered":"<p>Thank You! We have received your booking.1. Transfer the seminar fee &nbsp; Please transfer the seminar fee to complete your registration. Please enter &#8220;The 7 types of happiness + your first and last name&#8221; in the subject line. &nbsp; Bank details: IBAN: CH47 0483 5382 8443 5200 0(if you pay in Euro) IBAN: CH54 0483 [&hellip;]<\/p>\n","protected":false},"author":1,"featured_media":0,"parent":7666,"menu_order":0,"comment_status":"closed","ping_status":"closed","template":"page-template-blank.php","meta":{"_et_pb_use_builder":"on","_et_pb_old_content":"","_et_gb_content_width":"","footnotes":""},"class_list":["post-8234","page","type-page","status-publish","hentry"],"_links":{"self":[{"href":"https:\/\/go.shaitubali.com\/en\/wp-json\/wp\/v2\/pages\/8234","targetHints":{"allow":["GET"]}}],"collection":[{"href":"https:\/\/go.shaitubali.com\/en\/wp-json\/wp\/v2\/pages"}],"about":[{"href":"https:\/\/go.shaitubali.com\/en\/wp-json\/wp\/v2\/types\/page"}],"author":[{"embeddable":true,"href":"https:\/\/go.shaitubali.com\/en\/wp-json\/wp\/v2\/users\/1"}],"replies":[{"embeddable":true,"href":"https:\/\/go.shaitubali.com\/en\/wp-json\/wp\/v2\/comments?post=8234"}],"version-history":[{"count":0,"href":"https:\/\/go.shaitubali.com\/en\/wp-json\/wp\/v2\/pages\/8234\/revisions"}],"up":[{"embeddable":true,"href":"https:\/\/go.shaitubali.com\/en\/wp-json\/wp\/v2\/pages\/7666"}],"wp:attachment":[{"href":"https:\/\/go.shaitubali.com\/en\/wp-json\/wp\/v2\/media?parent=8234"}],"curies":[{"name":"wp","href":"https:\/\/api.w.org\/{rel}","templated":true}]}}